{"id":1081,"date":"2024-10-02T20:57:09","date_gmt":"2024-10-02T20:57:09","guid":{"rendered":"https:\/\/caap-ecuador.com\/caap-ecuador\/?page_id=1081"},"modified":"2024-10-22T21:33:05","modified_gmt":"2024-10-22T21:33:05","slug":"caap-quito-america","status":"publish","type":"page","link":"https:\/\/caap-ecuador.com\/caap-ecuador\/caap-quito-america\/","title":{"rendered":"CAAP QUITO AM\u00c9RICA"},"content":{"rendered":"\t\t<div data-elementor-type=\"wp-page\" data-elementor-id=\"1081\" class=\"elementor elementor-1081\">\n\t\t\t\t\t\t<section class=\"elementor-section elementor-top-section elementor-element elementor-element-ce3eed5 elementor-section-boxed elementor-section-height-default elementor-section-height-default\" data-id=\"ce3eed5\" data-element_type=\"section\" data-e-type=\"section\">\n\t\t\t\t\t\t<div class=\"elementor-container elementor-column-gap-default\">\n\t\t\t\t\t<div class=\"elementor-column elementor-col-100 elementor-top-column elementor-element elementor-element-03db8aa\" data-id=\"03db8aa\" data-element_type=\"column\" data-e-type=\"column\" data-settings=\"{&quot;background_background&quot;:&quot;classic&quot;}\">\n\t\t\t<div class=\"elementor-widget-wrap elementor-element-populated\">\n\t\t\t\t\t\t<div class=\"elementor-element elementor-element-91920c1 elementor-widget elementor-widget-heading\" data-id=\"91920c1\" data-element_type=\"widget\" data-e-type=\"widget\" data-widget_type=\"heading.default\">\n\t\t\t\t<div class=\"elementor-widget-container\">\n\t\t\t\t\t<h2 class=\"elementor-heading-title elementor-size-default\"><b>Con\u00e1ctanos<\/b> <br> <br>\n\"Recibe tu primera consulta\u00a0gratis\"<\/h2>\t\t\t\t<\/div>\n\t\t\t\t<\/div>\n\t\t\t\t\t<\/div>\n\t\t<\/div>\n\t\t\t\t\t<\/div>\n\t\t<\/section>\n\t\t\t\t<section class=\"elementor-section elementor-top-section elementor-element elementor-element-37b5cad elementor-section-boxed elementor-section-height-default elementor-section-height-default\" data-id=\"37b5cad\" data-element_type=\"section\" data-e-type=\"section\">\n\t\t\t\t\t\t<div class=\"elementor-container elementor-column-gap-default\">\n\t\t\t\t\t<div class=\"elementor-column elementor-col-50 elementor-top-column elementor-element elementor-element-d7c9f60\" data-id=\"d7c9f60\" data-element_type=\"column\" data-e-type=\"column\" data-settings=\"{&quot;background_background&quot;:&quot;classic&quot;}\">\n\t\t\t<div class=\"elementor-widget-wrap elementor-element-populated\">\n\t\t\t\t\t\t<div class=\"elementor-element elementor-element-a2119c5 elementor-widget elementor-widget-wpforms\" data-id=\"a2119c5\" data-element_type=\"widget\" data-e-type=\"widget\" data-widget_type=\"wpforms.default\">\n\t\t\t\t<div class=\"elementor-widget-container\">\n\t\t\t\t\t<div class=\"wpforms-container wpforms-container-full\" id=\"wpforms-1304\"><form id=\"wpforms-form-1304\" class=\"wpforms-validate wpforms-form wpforms-ajax-form\" data-formid=\"1304\" method=\"post\" enctype=\"multipart\/form-data\" action=\"\/caap-ecuador\/wp-json\/wp\/v2\/pages\/1081\" data-token=\"f5049b17c155b11b1e8dc21bd8076071\" data-token-time=\"1777563961\"><noscript class=\"wpforms-error-noscript\">Por favor, activa JavaScript en tu navegador para completar este formulario.<\/noscript><div class=\"wpforms-field-container\"><div id=\"wpforms-1304-field_1-container\" class=\"wpforms-field wpforms-field-name\" data-field-id=\"1\"><label class=\"wpforms-field-label wpforms-label-hide\" for=\"wpforms-1304-field_1\">Nombre Completo <span class=\"wpforms-required-label\">*<\/span><\/label><div class=\"wpforms-field-row wpforms-field-large\"><div class=\"wpforms-field-row-block wpforms-first wpforms-one-half\"><input type=\"text\" id=\"wpforms-1304-field_1\" class=\"wpforms-field-name-first wpforms-field-required\" name=\"wpforms[fields][1][first]\" placeholder=\"Tu nombre\" required><label for=\"wpforms-1304-field_1\" class=\"wpforms-field-sublabel after wpforms-sublabel-hide\">Nombre<\/label><\/div><div class=\"wpforms-field-row-block wpforms-one-half\"><input type=\"text\" id=\"wpforms-1304-field_1-last\" class=\"wpforms-field-name-last wpforms-field-required\" name=\"wpforms[fields][1][last]\" placeholder=\"Tu apellido\" required><label for=\"wpforms-1304-field_1-last\" class=\"wpforms-field-sublabel after wpforms-sublabel-hide\">Apellidos<\/label><\/div><\/div><\/div><div id=\"wpforms-1304-field_2-container\" class=\"wpforms-field wpforms-field-email\" data-field-id=\"2\"><label class=\"wpforms-field-label wpforms-label-hide\" for=\"wpforms-1304-field_2\">Correo <span class=\"wpforms-required-label\">*<\/span><\/label><input type=\"email\" id=\"wpforms-1304-field_2\" class=\"wpforms-field-large wpforms-field-required\" name=\"wpforms[fields][2]\" placeholder=\"Tu correo electr\u00f3nico\" spellcheck=\"false\" required><\/div><div id=\"wpforms-1304-field_3-container\" class=\"wpforms-field wpforms-field-number\" data-field-id=\"3\"><label class=\"wpforms-field-label wpforms-label-hide\" for=\"wpforms-1304-field_3\">N\u00famero de tel\u00e9fono <span class=\"wpforms-required-label\">*<\/span><\/label><input type=\"number\" id=\"wpforms-1304-field_3\" class=\"wpforms-field-large wpforms-field-required\" name=\"wpforms[fields][3]\" placeholder=\"Tu numero de tel\u00e9fono\" step=\"any\" required><\/div><div id=\"wpforms-1304-field_4-container\" class=\"wpforms-field wpforms-field-select wpforms-field-select-style-modern\" data-field-id=\"4\"><label class=\"wpforms-field-label wpforms-label-hide\" for=\"wpforms-1304-field_4\">Servicio <span class=\"wpforms-required-label\">*<\/span><\/label><select id=\"wpforms-1304-field_4\" class=\"wpforms-field-medium wpforms-field-required choicesjs-select\" data-size-class=\"wpforms-field-row wpforms-field-medium\" data-search-enabled=\"\" name=\"wpforms[fields][4]\" required=\"required\"><option value=\"\" class=\"placeholder\" disabled  selected='selected'>Servicios<\/option><option value=\"Asesor\u00edas para Tesis\"  class=\"choice-1 depth-1\"  >Asesor\u00edas para Tesis<\/option><option value=\"Asesor\u00edas para Monograf\u00edas\"  class=\"choice-2 depth-1\"  >Asesor\u00edas para Monograf\u00edas<\/option><option value=\"Asesor\u00edas para Tesinas\"  class=\"choice-3 depth-1\"  >Asesor\u00edas para Tesinas<\/option><option value=\"Asesor\u00edas para Proyectos\"  class=\"choice-4 depth-1\"  >Asesor\u00edas para Proyectos<\/option><option value=\"Asesor\u00edas para Maestr\u00edas\"  class=\"choice-5 depth-1\"  >Asesor\u00edas para Maestr\u00edas<\/option><option value=\"Revisi\u00f3n Normas APA\"  class=\"choice-6 depth-1\"  >Revisi\u00f3n Normas APA<\/option><option value=\"Software Antiplagio\"  class=\"choice-7 depth-1\"  >Software Antiplagio<\/option><\/select><\/div><div id=\"wpforms-1304-field_5-container\" class=\"wpforms-field wpforms-field-select wpforms-field-select-style-classic\" data-field-id=\"5\"><label class=\"wpforms-field-label wpforms-label-hide\" for=\"wpforms-1304-field_5\">Pa\u00eds <span class=\"wpforms-required-label\">*<\/span><\/label><select id=\"wpforms-1304-field_5\" class=\"wpforms-field-medium wpforms-field-required\" name=\"wpforms[fields][5]\" required=\"required\"><option value=\"\" class=\"placeholder\" disabled  selected='selected'>Pa\u00eds<\/option><option value=\"Ecuador\"  class=\"choice-1 depth-1\"  >Ecuador<\/option><option value=\"Per\u00fa\"  class=\"choice-2 depth-1\"  >Per\u00fa<\/option><option value=\"Bolivia\"  class=\"choice-3 depth-1\"  >Bolivia<\/option><option value=\"Otro\"  class=\"choice-4 depth-1\"  >Otro<\/option><\/select><\/div><div id=\"wpforms-1304-field_7-container\" class=\"wpforms-field wpforms-field-text\" data-field-id=\"7\"><label class=\"wpforms-field-label wpforms-label-hide\" for=\"wpforms-1304-field_7\">Provincia <span class=\"wpforms-required-label\">*<\/span><\/label><input type=\"text\" id=\"wpforms-1304-field_7\" class=\"wpforms-field-medium wpforms-field-required\" name=\"wpforms[fields][7]\" placeholder=\"Ciudad o Provincia\" required><\/div><div id=\"wpforms-1304-field_8-container\" class=\"wpforms-field wpforms-field-textarea\" data-field-id=\"8\"><label class=\"wpforms-field-label wpforms-label-hide\" for=\"wpforms-1304-field_8\">Requerimiento <span class=\"wpforms-required-label\">*<\/span><\/label><textarea id=\"wpforms-1304-field_8\" class=\"wpforms-field-medium wpforms-field-required\" name=\"wpforms[fields][8]\" placeholder=\"Puedes escribirnos tus preguntas o comentarios aqu\u00ed\" required><\/textarea><\/div><\/div><!-- .wpforms-field-container --><div class=\"wpforms-recaptcha-container wpforms-is-recaptcha wpforms-is-recaptcha-type-v2\" ><div class=\"g-recaptcha\" data-sitekey=\"6LfE7-MmAAAAANgKAaldwS7itof_0FNRSN1ip_9q\"><\/div><input type=\"text\" name=\"g-recaptcha-hidden\" class=\"wpforms-recaptcha-hidden\" style=\"position:absolute!important;clip:rect(0,0,0,0)!important;height:1px!important;width:1px!important;border:0!important;overflow:hidden!important;padding:0!important;margin:0!important;\" data-rule-recaptcha=\"1\"><\/div><div class=\"wpforms-submit-container\" ><input type=\"hidden\" name=\"wpforms[id]\" value=\"1304\"><input type=\"hidden\" name=\"page_title\" value=\"\"><input type=\"hidden\" name=\"page_url\" value=\"https:\/\/caap-ecuador.com\/caap-ecuador\/wp-json\/wp\/v2\/pages\/1081\"><input type=\"hidden\" name=\"url_referer\" value=\"\"><button type=\"submit\" name=\"wpforms[submit]\" id=\"wpforms-submit-1304\" class=\"wpforms-submit\" data-alt-text=\"Enviando...\" data-submit-text=\"Enviar\" aria-live=\"assertive\" value=\"wpforms-submit\">Enviar<\/button><img decoding=\"async\" data-src=\"https:\/\/caap-ecuador.com\/caap-ecuador\/wp-content\/plugins\/wpforms-lite\/assets\/images\/submit-spin.svg\" class=\"wpforms-submit-spinner lazyload\" style=\"--smush-placeholder-width: 26px; --smush-placeholder-aspect-ratio: 26\/26;display: none;\" width=\"26\" height=\"26\" alt=\"Cargando\" src=\"data:image\/svg+xml;base64,PHN2ZyB3aWR0aD0iMSIgaGVpZ2h0PSIxIiB4bWxucz0iaHR0cDovL3d3dy53My5vcmcvMjAwMC9zdmciPjwvc3ZnPg==\"><\/div><\/form><\/div>  <!-- .wpforms-container -->\t\t\t\t<\/div>\n\t\t\t\t<\/div>\n\t\t\t\t\t<\/div>\n\t\t<\/div>\n\t\t\t\t<div class=\"elementor-column elementor-col-50 elementor-top-column elementor-element elementor-element-33faa1a\" data-id=\"33faa1a\" data-element_type=\"column\" data-e-type=\"column\" data-settings=\"{&quot;background_background&quot;:&quot;classic&quot;}\">\n\t\t\t<div class=\"elementor-widget-wrap elementor-element-populated\">\n\t\t\t\t\t\t<div class=\"elementor-element elementor-element-281f646 elementor-widget elementor-widget-image\" data-id=\"281f646\" data-element_type=\"widget\" data-e-type=\"widget\" data-widget_type=\"image.default\">\n\t\t\t\t<div class=\"elementor-widget-container\">\n\t\t\t\t\t\t\t\t\t\t\t\t\t\t\t\t<a href=\"https:\/\/maps.app.goo.gl\/H5tgx6AFGSeCAAZj9\" target=\"_blank\">\n\t\t\t\t\t\t\t<img fetchpriority=\"high\" decoding=\"async\" width=\"802\" height=\"563\" src=\"https:\/\/caap-ecuador.com\/caap-ecuador\/wp-content\/uploads\/2024\/10\/MapaQuitoAmerica.webp\" class=\"attachment-large size-large wp-image-1316\" alt=\"\" srcset=\"https:\/\/caap-ecuador.com\/caap-ecuador\/wp-content\/uploads\/2024\/10\/MapaQuitoAmerica.webp 802w, https:\/\/caap-ecuador.com\/caap-ecuador\/wp-content\/uploads\/2024\/10\/MapaQuitoAmerica-300x211.webp 300w, https:\/\/caap-ecuador.com\/caap-ecuador\/wp-content\/uploads\/2024\/10\/MapaQuitoAmerica-768x539.webp 768w\" sizes=\"(max-width: 802px) 100vw, 802px\" \/>\t\t\t\t\t\t\t\t<\/a>\n\t\t\t\t\t\t\t\t\t\t\t\t\t\t\t<\/div>\n\t\t\t\t<\/div>\n\t\t\t\t<div class=\"elementor-element elementor-element-97d7f9a elementor-widget elementor-widget-html\" data-id=\"97d7f9a\" data-element_type=\"widget\" data-e-type=\"widget\" data-widget_type=\"html.default\">\n\t\t\t\t<div class=\"elementor-widget-container\">\n\t\t\t\t\t<div class=\"contacto-centrado\">\n       <ul>\n            <li><a href=\"https:\/\/bit.ly\/Caap_America\" target=\"_blank\" rel=\"noopener\">\n                <i class=\"fab fa-whatsapp\"><\/i>(593) 95 884 6304 - Analista comercial<\/a>\n            <\/li>\n            <li>(593) 99 922 3338 - Gesti\u00f3n de clientes<\/li>\n            <li>asesoria.tesis.proyectos@gmail.com<\/li>\n        <\/ul>\n         <h4>QUITO AM\u00c9RICA<\/h4>\n         <p><i class=\"fas fa-map-marker-alt\"><\/i> Av America y Ramirez Davalos Oe3-145 <br> cuarto piso frente a la universidad Central del Ecuador. Quito, ECUADOR<\/p>\n\u00a0\u00a0\u00a0\u00a0<\/div>\t\t\t\t<\/div>\n\t\t\t\t<\/div>\n\t\t\t\t\t<\/div>\n\t\t<\/div>\n\t\t\t\t\t<\/div>\n\t\t<\/section>\n\t\t\t\t<\/div>\n\t\t","protected":false},"excerpt":{"rendered":"<p>Con\u00e1ctanos \u00abRecibe tu primera consulta\u00a0gratis\u00bb Por favor, activa JavaScript en tu navegador para completar este formulario.Nombre Completo *NombreApellidosCorreo *N\u00famero de tel\u00e9fono *Servicio *ServiciosAsesor\u00edas para TesisAsesor\u00edas para Monograf\u00edasAsesor\u00edas para TesinasAsesor\u00edas para ProyectosAsesor\u00edas para Maestr\u00edasRevisi\u00f3n Normas APASoftware AntiplagioPa\u00eds *Pa\u00edsEcuadorPer\u00faBoliviaOtroProvincia *Requerimiento * Enviar (593) 95 884 6304 &#8211; Analista comercial (593) 99 922 3338 &#8211; Gesti\u00f3n de clientes [&hellip;]<\/p>\n","protected":false},"author":1,"featured_media":0,"parent":0,"menu_order":0,"comment_status":"closed","ping_status":"closed","template":"","meta":{"om_disable_all_campaigns":false,"_monsterinsights_skip_tracking":false,"_monsterinsights_sitenote_active":false,"_monsterinsights_sitenote_note":"","_monsterinsights_sitenote_category":0,"site-sidebar-layout":"no-sidebar","site-content-layout":"page-builder","ast-site-content-layout":"full-width-container","site-content-style":"default","site-sidebar-style":"default","ast-global-header-display":"","ast-banner-title-visibility":"","ast-main-header-display":"","ast-hfb-above-header-display":"","ast-hfb-below-header-display":"","ast-hfb-mobile-header-display":"","site-post-title":"disabled","ast-breadcrumbs-content":"","ast-featured-img":"disabled","footer-sml-layout":"","ast-disable-related-posts":"","theme-transparent-header-meta":"","adv-header-id-meta":"","stick-header-meta":"","header-above-stick-meta":"","header-main-stick-meta":"","header-below-stick-meta":"","astra-migrate-meta-layouts":"set","ast-page-background-enabled":"default","ast-page-background-meta":{"desktop":{"background-color":"","background-image":"","background-repeat":"repeat","background-position":"center center","background-size":"auto","background-attachment":"scroll","background-type":"","background-media":"","overlay-type":"","overlay-color":"","overlay-opacity":"","overlay-gradient":""},"tablet":{"background-color":"","background-image":"","background-repeat":"repeat","background-position":"center center","background-size":"auto","background-attachment":"scroll","background-type":"","background-media":"","overlay-type":"","overlay-color":"","overlay-opacity":"","overlay-gradient":""},"mobile":{"background-color":"","background-image":"","background-repeat":"repeat","background-position":"center center","background-size":"auto","background-attachment":"scroll","background-type":"","background-media":"","overlay-type":"","overlay-color":"","overlay-opacity":"","overlay-gradient":""}},"ast-content-background-meta":{"desktop":{"background-color":"var(--ast-global-color-5)","background-image":"","background-repeat":"repeat","background-position":"center center","background-size":"auto","background-attachment":"scroll","background-type":"","background-media":"","overlay-type":"","overlay-color":"","overlay-opacity":"","overlay-gradient":""},"tablet":{"background-color":"var(--ast-global-color-5)","background-image":"","background-repeat":"repeat","background-position":"center center","background-size":"auto","background-attachment":"scroll","background-type":"","background-media":"","overlay-type":"","overlay-color":"","overlay-opacity":"","overlay-gradient":""},"mobile":{"background-color":"var(--ast-global-color-5)","background-image":"","background-repeat":"repeat","background-position":"center center","background-size":"auto","background-attachment":"scroll","background-type":"","background-media":"","overlay-type":"","overlay-color":"","overlay-opacity":"","overlay-gradient":""}},"footnotes":""},"class_list":["post-1081","page","type-page","status-publish","hentry"],"yoast_head":"<!-- This site is optimized with the Yoast SEO plugin v24.3 - https:\/\/yoast.com\/wordpress\/plugins\/seo\/ -->\n<title>CAAP QUITO AM\u00c9RICA - CAAP Ecuador<\/title>\n<meta name=\"robots\" content=\"index, follow, max-snippet:-1, max-image-preview:large, max-video-preview:-1\" \/>\n<link rel=\"canonical\" href=\"https:\/\/caap-ecuador.com\/caap-ecuador\/caap-quito-america\/\" \/>\n<meta property=\"og:locale\" content=\"es_ES\" \/>\n<meta property=\"og:type\" content=\"article\" \/>\n<meta property=\"og:title\" content=\"CAAP QUITO AM\u00c9RICA - CAAP Ecuador\" \/>\n<meta property=\"og:description\" content=\"Con\u00e1ctanos \u00abRecibe tu primera consulta\u00a0gratis\u00bb Por favor, activa JavaScript en tu navegador para completar este formulario.Nombre Completo *NombreApellidosCorreo *N\u00famero de tel\u00e9fono *Servicio *ServiciosAsesor\u00edas para TesisAsesor\u00edas para Monograf\u00edasAsesor\u00edas para TesinasAsesor\u00edas para ProyectosAsesor\u00edas para Maestr\u00edasRevisi\u00f3n Normas APASoftware AntiplagioPa\u00eds *Pa\u00edsEcuadorPer\u00faBoliviaOtroProvincia *Requerimiento * Enviar (593) 95 884 6304 &#8211; Analista comercial (593) 99 922 3338 &#8211; Gesti\u00f3n de clientes [&hellip;]\" \/>\n<meta property=\"og:url\" content=\"https:\/\/caap-ecuador.com\/caap-ecuador\/caap-quito-america\/\" \/>\n<meta property=\"og:site_name\" content=\"CAAP Ecuador\" \/>\n<meta property=\"article:modified_time\" content=\"2024-10-22T21:33:05+00:00\" \/>\n<meta property=\"og:image\" content=\"https:\/\/caap-ecuador.com\/caap-ecuador\/wp-content\/plugins\/wpforms-lite\/assets\/images\/submit-spin.svg\" \/>\n<meta name=\"twitter:card\" content=\"summary_large_image\" \/>\n<script type=\"application\/ld+json\" class=\"yoast-schema-graph\">{\"@context\":\"https:\/\/schema.org\",\"@graph\":[{\"@type\":\"WebPage\",\"@id\":\"https:\/\/caap-ecuador.com\/caap-ecuador\/caap-quito-america\/\",\"url\":\"https:\/\/caap-ecuador.com\/caap-ecuador\/caap-quito-america\/\",\"name\":\"CAAP QUITO AM\u00c9RICA - CAAP Ecuador\",\"isPartOf\":{\"@id\":\"https:\/\/caap-ecuador.com\/caap-ecuador\/#website\"},\"primaryImageOfPage\":{\"@id\":\"https:\/\/caap-ecuador.com\/caap-ecuador\/caap-quito-america\/#primaryimage\"},\"image\":{\"@id\":\"https:\/\/caap-ecuador.com\/caap-ecuador\/caap-quito-america\/#primaryimage\"},\"thumbnailUrl\":\"https:\/\/caap-ecuador.com\/caap-ecuador\/wp-content\/plugins\/wpforms-lite\/assets\/images\/submit-spin.svg\",\"datePublished\":\"2024-10-02T20:57:09+00:00\",\"dateModified\":\"2024-10-22T21:33:05+00:00\",\"breadcrumb\":{\"@id\":\"https:\/\/caap-ecuador.com\/caap-ecuador\/caap-quito-america\/#breadcrumb\"},\"inLanguage\":\"es\",\"potentialAction\":[{\"@type\":\"ReadAction\",\"target\":[\"https:\/\/caap-ecuador.com\/caap-ecuador\/caap-quito-america\/\"]}]},{\"@type\":\"ImageObject\",\"inLanguage\":\"es\",\"@id\":\"https:\/\/caap-ecuador.com\/caap-ecuador\/caap-quito-america\/#primaryimage\",\"url\":\"https:\/\/caap-ecuador.com\/caap-ecuador\/wp-content\/plugins\/wpforms-lite\/assets\/images\/submit-spin.svg\",\"contentUrl\":\"https:\/\/caap-ecuador.com\/caap-ecuador\/wp-content\/plugins\/wpforms-lite\/assets\/images\/submit-spin.svg\"},{\"@type\":\"BreadcrumbList\",\"@id\":\"https:\/\/caap-ecuador.com\/caap-ecuador\/caap-quito-america\/#breadcrumb\",\"itemListElement\":[{\"@type\":\"ListItem\",\"position\":1,\"name\":\"Portada\",\"item\":\"https:\/\/caap-ecuador.com\/caap-ecuador\/\"},{\"@type\":\"ListItem\",\"position\":2,\"name\":\"CAAP QUITO AM\u00c9RICA\"}]},{\"@type\":\"WebSite\",\"@id\":\"https:\/\/caap-ecuador.com\/caap-ecuador\/#website\",\"url\":\"https:\/\/caap-ecuador.com\/caap-ecuador\/\",\"name\":\"CAAP Ecuador\",\"description\":\"CAAP Ecuador\",\"publisher\":{\"@id\":\"https:\/\/caap-ecuador.com\/caap-ecuador\/#organization\"},\"potentialAction\":[{\"@type\":\"SearchAction\",\"target\":{\"@type\":\"EntryPoint\",\"urlTemplate\":\"https:\/\/caap-ecuador.com\/caap-ecuador\/?s={search_term_string}\"},\"query-input\":{\"@type\":\"PropertyValueSpecification\",\"valueRequired\":true,\"valueName\":\"search_term_string\"}}],\"inLanguage\":\"es\"},{\"@type\":\"Organization\",\"@id\":\"https:\/\/caap-ecuador.com\/caap-ecuador\/#organization\",\"name\":\"CAAP Ecuador\",\"url\":\"https:\/\/caap-ecuador.com\/caap-ecuador\/\",\"logo\":{\"@type\":\"ImageObject\",\"inLanguage\":\"es\",\"@id\":\"https:\/\/caap-ecuador.com\/caap-ecuador\/#\/schema\/logo\/image\/\",\"url\":\"https:\/\/caap-ecuador.com\/caap-ecuador\/wp-content\/uploads\/2023\/06\/cropped-Logo-Fondo-Transparente.png\",\"contentUrl\":\"https:\/\/caap-ecuador.com\/caap-ecuador\/wp-content\/uploads\/2023\/06\/cropped-Logo-Fondo-Transparente.png\",\"width\":180,\"height\":60,\"caption\":\"CAAP Ecuador\"},\"image\":{\"@id\":\"https:\/\/caap-ecuador.com\/caap-ecuador\/#\/schema\/logo\/image\/\"}}]}<\/script>\n<!-- \/ Yoast SEO plugin. -->","yoast_head_json":{"title":"CAAP QUITO AM\u00c9RICA - CAAP Ecuador","robots":{"index":"index","follow":"follow","max-snippet":"max-snippet:-1","max-image-preview":"max-image-preview:large","max-video-preview":"max-video-preview:-1"},"canonical":"https:\/\/caap-ecuador.com\/caap-ecuador\/caap-quito-america\/","og_locale":"es_ES","og_type":"article","og_title":"CAAP QUITO AM\u00c9RICA - CAAP Ecuador","og_description":"Con\u00e1ctanos \u00abRecibe tu primera consulta\u00a0gratis\u00bb Por favor, activa JavaScript en tu navegador para completar este formulario.Nombre Completo *NombreApellidosCorreo *N\u00famero de tel\u00e9fono *Servicio *ServiciosAsesor\u00edas para TesisAsesor\u00edas para Monograf\u00edasAsesor\u00edas para TesinasAsesor\u00edas para ProyectosAsesor\u00edas para Maestr\u00edasRevisi\u00f3n Normas APASoftware AntiplagioPa\u00eds *Pa\u00edsEcuadorPer\u00faBoliviaOtroProvincia *Requerimiento * Enviar (593) 95 884 6304 &#8211; Analista comercial (593) 99 922 3338 &#8211; Gesti\u00f3n de clientes [&hellip;]","og_url":"https:\/\/caap-ecuador.com\/caap-ecuador\/caap-quito-america\/","og_site_name":"CAAP Ecuador","article_modified_time":"2024-10-22T21:33:05+00:00","og_image":[{"url":"https:\/\/caap-ecuador.com\/caap-ecuador\/wp-content\/plugins\/wpforms-lite\/assets\/images\/submit-spin.svg","type":"","width":"","height":""}],"twitter_card":"summary_large_image","schema":{"@context":"https:\/\/schema.org","@graph":[{"@type":"WebPage","@id":"https:\/\/caap-ecuador.com\/caap-ecuador\/caap-quito-america\/","url":"https:\/\/caap-ecuador.com\/caap-ecuador\/caap-quito-america\/","name":"CAAP QUITO AM\u00c9RICA - CAAP Ecuador","isPartOf":{"@id":"https:\/\/caap-ecuador.com\/caap-ecuador\/#website"},"primaryImageOfPage":{"@id":"https:\/\/caap-ecuador.com\/caap-ecuador\/caap-quito-america\/#primaryimage"},"image":{"@id":"https:\/\/caap-ecuador.com\/caap-ecuador\/caap-quito-america\/#primaryimage"},"thumbnailUrl":"https:\/\/caap-ecuador.com\/caap-ecuador\/wp-content\/plugins\/wpforms-lite\/assets\/images\/submit-spin.svg","datePublished":"2024-10-02T20:57:09+00:00","dateModified":"2024-10-22T21:33:05+00:00","breadcrumb":{"@id":"https:\/\/caap-ecuador.com\/caap-ecuador\/caap-quito-america\/#breadcrumb"},"inLanguage":"es","potentialAction":[{"@type":"ReadAction","target":["https:\/\/caap-ecuador.com\/caap-ecuador\/caap-quito-america\/"]}]},{"@type":"ImageObject","inLanguage":"es","@id":"https:\/\/caap-ecuador.com\/caap-ecuador\/caap-quito-america\/#primaryimage","url":"https:\/\/caap-ecuador.com\/caap-ecuador\/wp-content\/plugins\/wpforms-lite\/assets\/images\/submit-spin.svg","contentUrl":"https:\/\/caap-ecuador.com\/caap-ecuador\/wp-content\/plugins\/wpforms-lite\/assets\/images\/submit-spin.svg"},{"@type":"BreadcrumbList","@id":"https:\/\/caap-ecuador.com\/caap-ecuador\/caap-quito-america\/#breadcrumb","itemListElement":[{"@type":"ListItem","position":1,"name":"Portada","item":"https:\/\/caap-ecuador.com\/caap-ecuador\/"},{"@type":"ListItem","position":2,"name":"CAAP QUITO AM\u00c9RICA"}]},{"@type":"WebSite","@id":"https:\/\/caap-ecuador.com\/caap-ecuador\/#website","url":"https:\/\/caap-ecuador.com\/caap-ecuador\/","name":"CAAP Ecuador","description":"CAAP Ecuador","publisher":{"@id":"https:\/\/caap-ecuador.com\/caap-ecuador\/#organization"},"potentialAction":[{"@type":"SearchAction","target":{"@type":"EntryPoint","urlTemplate":"https:\/\/caap-ecuador.com\/caap-ecuador\/?s={search_term_string}"},"query-input":{"@type":"PropertyValueSpecification","valueRequired":true,"valueName":"search_term_string"}}],"inLanguage":"es"},{"@type":"Organization","@id":"https:\/\/caap-ecuador.com\/caap-ecuador\/#organization","name":"CAAP Ecuador","url":"https:\/\/caap-ecuador.com\/caap-ecuador\/","logo":{"@type":"ImageObject","inLanguage":"es","@id":"https:\/\/caap-ecuador.com\/caap-ecuador\/#\/schema\/logo\/image\/","url":"https:\/\/caap-ecuador.com\/caap-ecuador\/wp-content\/uploads\/2023\/06\/cropped-Logo-Fondo-Transparente.png","contentUrl":"https:\/\/caap-ecuador.com\/caap-ecuador\/wp-content\/uploads\/2023\/06\/cropped-Logo-Fondo-Transparente.png","width":180,"height":60,"caption":"CAAP Ecuador"},"image":{"@id":"https:\/\/caap-ecuador.com\/caap-ecuador\/#\/schema\/logo\/image\/"}}]}},"_links":{"self":[{"href":"https:\/\/caap-ecuador.com\/caap-ecuador\/wp-json\/wp\/v2\/pages\/1081","targetHints":{"allow":["GET"]}}],"collection":[{"href":"https:\/\/caap-ecuador.com\/caap-ecuador\/wp-json\/wp\/v2\/pages"}],"about":[{"href":"https:\/\/caap-ecuador.com\/caap-ecuador\/wp-json\/wp\/v2\/types\/page"}],"author":[{"embeddable":true,"href":"https:\/\/caap-ecuador.com\/caap-ecuador\/wp-json\/wp\/v2\/users\/1"}],"replies":[{"embeddable":true,"href":"https:\/\/caap-ecuador.com\/caap-ecuador\/wp-json\/wp\/v2\/comments?post=1081"}],"version-history":[{"count":7,"href":"https:\/\/caap-ecuador.com\/caap-ecuador\/wp-json\/wp\/v2\/pages\/1081\/revisions"}],"predecessor-version":[{"id":1418,"href":"https:\/\/caap-ecuador.com\/caap-ecuador\/wp-json\/wp\/v2\/pages\/1081\/revisions\/1418"}],"wp:attachment":[{"href":"https:\/\/caap-ecuador.com\/caap-ecuador\/wp-json\/wp\/v2\/media?parent=1081"}],"curies":[{"name":"wp","href":"https:\/\/api.w.org\/{rel}","templated":true}]}}